{"id":8265,"date":"2025-01-25T14:18:22","date_gmt":"2025-01-25T14:18:22","guid":{"rendered":"https:\/\/baltichome.juodaskodas.lt\/services\/"},"modified":"2025-03-05T10:29:42","modified_gmt":"2025-03-05T10:29:42","slug":"services","status":"publish","type":"page","link":"https:\/\/baltichome.juodaskodas.lt\/en\/services\/","title":{"rendered":"Services"},"content":{"rendered":"\t\t<div data-elementor-type=\"wp-page\" data-elementor-id=\"8265\" class=\"elementor elementor-8265 elementor-7819\">\n\t\t\t\t\t\t<div class=\"elementor-section elementor-top-section elementor-element elementor-element-a755b4a elementor-section-stretched elementor-section-boxed elementor-section-height-default elementor-section-height-default\" data-id=\"a755b4a\" data-element_type=\"section\" data-settings=\"{&quot;stretch_section&quot;:&quot;section-stretched&quot;,&quot;background_background&quot;:&quot;classic&quot;}\">\n\t\t\t\t\t\t<div class=\"elementor-container elementor-column-gap-no\">\n\t\t\t\t\t<div class=\"elementor-column elementor-col-100 elementor-top-column elementor-element elementor-element-2843009\" data-id=\"2843009\" data-element_type=\"column\">\n\t\t\t<div class=\"elementor-widget-wrap elementor-element-populated\">\n\t\t\t\t\t\t<div class=\"elementor-element elementor-element-da01cea elementor-widget elementor-widget-heading\" data-id=\"da01cea\" data-element_type=\"widget\" data-widget_type=\"heading.default\">\n\t\t\t\t<div class=\"elementor-widget-container\">\n\t\t\t\t\t<h2 class=\"elementor-heading-title elementor-size-default\">Services<\/h2>\t\t\t\t<\/div>\n\t\t\t\t<\/div>\n\t\t\t\t<div class=\"elementor-element elementor-element-1ed4ffd elementor-widget elementor-widget-heading\" data-id=\"1ed4ffd\" data-element_type=\"widget\" data-widget_type=\"heading.default\">\n\t\t\t\t<div class=\"elementor-widget-container\">\n\t\t\t\t\t<h3 class=\"elementor-heading-title elementor-size-default\">10 years of BALTIC HOME on the market<\/h3>\t\t\t\t<\/div>\n\t\t\t\t<\/div>\n\t\t\t\t<div class=\"elementor-section elementor-inner-section elementor-element elementor-element-8137be8 elementor-section-content-bottom elementor-section-boxed elementor-section-height-default elementor-section-height-default\" data-id=\"8137be8\" data-element_type=\"section\">\n\t\t\t\t\t\t<div class=\"elementor-container elementor-column-gap-no\">\n\t\t\t\t\t<div class=\"elementor-column elementor-col-50 elementor-inner-column elementor-element elementor-element-e3ce7cf\" data-id=\"e3ce7cf\" data-element_type=\"column\">\n\t\t\t<div class=\"elementor-widget-wrap elementor-element-populated\">\n\t\t\t\t\n\t\t<div class=\"elementor-element elementor-element-3340eea elementor-widget elementor-widget-text-editor\" data-id=\"3340eea\" data-element_type=\"widget\" data-widget_type=\"text-editor.default\">\n\t\t\t\t<div class=\"elementor-widget-container\">\n\t\t\t\t\t\t\t\t\t<p>We produce solid wood furniture components, solid wood furniture and glued and veneered paneling to customer requirements. Our many years of professional experience in furniture production allow us to offer the highest quality services, competitive prices and flexible deadlines.  <\/p><p><b>We provide the following services:<\/b><br>&#8211; Panel fabrication<br>&#8211; Milling<br>&#8211; Turning<br>&#8211; Plate cutting <br>&#8211; Painting (staining\/varnishing)<\/p>\t\t\t\t\t\t\t\t<\/div>\n\t\t\t\t<\/div>\n\t\t\t\t\t<\/div>\n\t\t<\/div>\n\t\t\t\t<div class=\"elementor-column elementor-col-50 elementor-inner-column elementor-element elementor-element-0fddf5d\" data-id=\"0fddf5d\" data-element_type=\"column\">\n\t\t\t<div class=\"elementor-widget-wrap elementor-element-populated\">\n\t\t\t\t\t\t<div class=\"elementor-element elementor-element-dcc5c40 elementor-hidden-phone elementor-widget elementor-widget-image\" data-id=\"dcc5c40\" data-element_type=\"widget\" data-widget_type=\"image.default\">\n\t\t\t\t<div class=\"elementor-widget-container\">\n\t\t\t\t\t\t\t\t\t\t\t\t\t\t\t<img fetchpriority=\"high\" decoding=\"async\" width=\"845\" height=\"741\" src=\"https:\/\/baltichome.juodaskodas.lt\/wp-content\/uploads\/2025\/01\/about.png\" class=\"attachment-full size-full wp-image-7806\" alt=\"\" srcset=\"https:\/\/baltichome.juodaskodas.lt\/wp-content\/uploads\/2025\/01\/about.png 845w, https:\/\/baltichome.juodaskodas.lt\/wp-content\/uploads\/2025\/01\/about-300x263.png 300w, https:\/\/baltichome.juodaskodas.lt\/wp-content\/uploads\/2025\/01\/about-768x673.png 768w, https:\/\/baltichome.juodaskodas.lt\/wp-content\/uploads\/2025\/01\/about-630x552.png 630w, https:\/\/baltichome.juodaskodas.lt\/wp-content\/uploads\/2025\/01\/about-600x526.png 600w\" sizes=\"(max-width: 845px) 100vw, 845px\" \/>\t\t\t\t\t\t\t\t\t\t\t\t\t\t\t<\/div>\n\t\t\t\t<\/div>\n\t\t\t\t\t<\/div>\n\t\t<\/div>\n\t\t\t\t\t<\/div>\n\t\t<\/div>\n\t\t\t\t\t<\/div>\n\t\t<\/div>\n\t\t\t\t\t<\/div>\n\t\t<\/div>\n\t\t\t\t<div class=\"elementor-section elementor-top-section elementor-element elementor-element-1ecb01c elementor-section-full_width elementor-section-stretched elementor-section-height-default elementor-section-height-default elementor-invisible\" data-id=\"1ecb01c\" data-element_type=\"section\" data-settings=\"{&quot;stretch_section&quot;:&quot;section-stretched&quot;,&quot;animation&quot;:&quot;opal-scale-up&quot;}\">\n\t\t\t\t\t\t<div class=\"elementor-container elementor-column-gap-no\">\n\t\t\t\t\t<div class=\"elementor-column elementor-col-100 elementor-top-column elementor-element elementor-element-2864bd5\" data-id=\"2864bd5\" data-element_type=\"column\">\n\t\t\t<div class=\"elementor-widget-wrap elementor-element-populated\">\n\t\t\t\t\t\t<div class=\"elementor-element elementor-element-b04a0f0 no-link-items vertical-align-top elementor-widget elementor-widget-umimo-product-categories\" data-id=\"b04a0f0\" data-element_type=\"widget\" data-widget_type=\"umimo-product-categories.default\">\n\t\t\t\t<div class=\"elementor-widget-container\">\n\t\t\t\t\t            <div class=\"elementor-categories-item-wrapper\">\n                <div class=\"row layout-1\" data-elementor-columns=\"2\" data-elementor-columns-tablet=\"2\">\n                                            <div class=\"column-item elementor-categories-item\">\n                                                                                                <div class=\"product-cat\">\n                                        <a class=\"link_category_product\"\n                                           href=\"https:\/\/baltichome.juodaskodas.lt\/en\/product-category\/uncategorized\/\"\n                                           title=\"Uncategorized\">\n                                                                                            <img decoding=\"async\" src=\"https:\/\/baltichome.juodaskodas.lt\/wp-content\/uploads\/2025\/01\/20.jpg\"\n                                                     alt=\"Uncategorized\">\n                                                                                                                                <\/a>\n                                        <div class=\"product-cat-caption\">\n                                            <div class=\"cat-title\">\n                                                <a href=\"https:\/\/baltichome.juodaskodas.lt\/en\/product-category\/uncategorized\/\"\n                                                   title=\"Uncategorized\">\n                                                    <span class=\"cat-title-text\">Med\u017eio masyvo, klijuotos medienos apdirbimas<\/span>\n                                                <\/a>\n\n                                                                                                    <div class=\"categories-description\">I\u0161pjaunamos labai sud\u0117tingos fig\u016bros naudojant itin tikslias 5-i\u0173 a\u0161i\u0173 CNC frezavimo stakles. Gaminame ne tik pagal pavyzd\u012f, bet ir pagal br\u0117\u017einius. Tekiname CNC stakl\u0117mis. Galime i\u0161laikyti didel\u012f tikslum\u0105 net ir prie dideli\u0173 u\u017esakym\u0173 apim\u010di\u0173. Skanerio pagalba parengiamas tikslus, idealiai atitinkantis pavyzd\u012f, br\u0117\u017einys. Naujos kartos \u012frenginiais tekiname ir apdirbame asimetrinius gaminius. Profesionaliai ir tiksliai galime atlikti gr\u0119\u017eimo operacijas nestandartiniais atstumais, gyliais, kryptimis.<\/div>\n                                                \n                                                <span class=\"cat-total\">0 products<\/span>\n                                            <\/div>\n                                        <\/div>\n                                    <\/div>\n                                                                                                                                                    <\/div>\n                                            <div class=\"column-item elementor-categories-item\">\n                                                                                                <div class=\"product-cat\">\n                                        <a class=\"link_category_product\"\n                                           href=\"https:\/\/baltichome.juodaskodas.lt\/en\/product-category\/uncategorized\/\"\n                                           title=\"Uncategorized\">\n                                                                                            <img decoding=\"async\" src=\"https:\/\/baltichome.juodaskodas.lt\/wp-content\/uploads\/2025\/01\/12.jpg\"\n                                                     alt=\"Uncategorized\">\n                                                                                                                                <\/a>\n                                        <div class=\"product-cat-caption\">\n                                            <div class=\"cat-title\">\n                                                <a href=\"https:\/\/baltichome.juodaskodas.lt\/en\/product-category\/uncategorized\/\"\n                                                   title=\"Uncategorized\">\n                                                    <span class=\"cat-title-text\">Bald\u0173 komponent\u0173 apdaila<\/span>\n                                                <\/a>\n\n                                                                                                    <div class=\"categories-description\">Medienos gaminius, priklausomai nuo detal\u0117s sud\u0117tingumo ir u\u017esakymo dyd\u017eio, \u0161lifuojame tiek automatiniu tiek rankiniu b\u016bdu. Da\u017eome, esant poreikiui lakuojame, beicuojame. Esant dideliems u\u017esakymams, darbus galime atlikti automatin\u0117je u\u017eliejimo linijoje. Itin kruop\u0161\u010diai poliruojame pavir\u0161ius, i\u0161gaudami reikaling\u0105 pavir\u0161i\u0173 blizgum\u0105.<\/div>\n                                                \n                                                <span class=\"cat-total\">0 products<\/span>\n                                            <\/div>\n                                        <\/div>\n                                    <\/div>\n                                                                                                                                                    <\/div>\n                                            <div class=\"column-item elementor-categories-item\">\n                                                                                                <div class=\"product-cat\">\n                                        <a class=\"link_category_product\"\n                                           href=\"https:\/\/baltichome.juodaskodas.lt\/en\/product-category\/uncategorized\/\"\n                                           title=\"Uncategorized\">\n                                                                                            <img decoding=\"async\" src=\"https:\/\/baltichome.juodaskodas.lt\/wp-content\/uploads\/2025\/01\/29.jpg\"\n                                                     alt=\"Uncategorized\">\n                                                                                                                                <\/a>\n                                        <div class=\"product-cat-caption\">\n                                            <div class=\"cat-title\">\n                                                <a href=\"https:\/\/baltichome.juodaskodas.lt\/en\/product-category\/uncategorized\/\"\n                                                   title=\"Uncategorized\">\n                                                    <span class=\"cat-title-text\">Plok\u0161t\u0117s apdirbimas<\/span>\n                                                <\/a>\n\n                                                                                                    <div class=\"categories-description\">Pjauname plok\u0161tes pagal kliento pateiktus i\u0161matavimus ir formas; Praeinamo tipo CNC stakl\u0117s leid\u017eia \u012fvykdyti itin didel\u0117s apimties u\u017esakymus. I\u0161pjautoms plok\u0161t\u0117ms u\u017eklijuojame kantus, naudodami kokybi\u0161kas med\u017eiagas. Faneruojame kar\u0161to tipo faneravimo presais. Naudojame \u012fvairi\u0173 r\u016b\u0161i\u0173 medienos luk\u0161t\u0105. Luk\u0161tas jungiamas termosi\u016blu. Frezuojame medienos plok\u0161tes, taip pat i\u0161pjaustome tikslias skyles tolimesniam darbui.<\/div>\n                                                \n                                                <span class=\"cat-total\">0 products<\/span>\n                                            <\/div>\n                                        <\/div>\n                                    <\/div>\n                                                                                                                                                    <\/div>\n                                            <div class=\"column-item elementor-categories-item\">\n                                                                                                <div class=\"product-cat\">\n                                        <a class=\"link_category_product\"\n                                           href=\"https:\/\/baltichome.juodaskodas.lt\/en\/product-category\/uncategorized\/\"\n                                           title=\"Uncategorized\">\n                                                                                            <img decoding=\"async\" src=\"https:\/\/baltichome.juodaskodas.lt\/wp-content\/uploads\/2025\/01\/19.jpg\"\n                                                     alt=\"Uncategorized\">\n                                                                                                                                <\/a>\n                                        <div class=\"product-cat-caption\">\n                                            <div class=\"cat-title\">\n                                                <a href=\"https:\/\/baltichome.juodaskodas.lt\/en\/product-category\/uncategorized\/\"\n                                                   title=\"Uncategorized\">\n                                                    <span class=\"cat-title-text\">Med\u017eio gamini\u0173 gamyba<\/span>\n                                                <\/a>\n\n                                                                                                    <div class=\"categories-description\">Gaminiai gaminami tiek i\u0161 med\u017eio masyvo, tiek i\u0161 klijuotos medienos ruo\u0161ini\u0173. Turima \u012franga leid\u017eia lanks\u010diai reaguoti \u012f u\u017esakov\u0173 pageidavimus, tod\u0117l galime gaminti tiek serijinius, tiek vienetinius gaminius: K\u0117d\u017ei\u0173, stal\u0173 ir kit\u0173 bald\u0173 kojos, k\u0117d\u017ei\u0173 s\u0117dimoji dalis, stal\u0173 stalvir\u0161iai, plok\u0161tin\u0117s dalys (pvz. lov\u0173 \u0161onai), kiti komponentai.<\/div>\n                                                \n                                                <span class=\"cat-total\">0 products<\/span>\n                                            <\/div>\n                                        <\/div>\n                                    <\/div>\n                                                                                                                                                    <\/div>\n                                    <\/div>\n            <\/div>\n            \t\t\t\t<\/div>\n\t\t\t\t<\/div>\n\t\t\t\t\t<\/div>\n\t\t<\/div>\n\t\t\t\t\t<\/div>\n\t\t<\/div>\n\t\t\t\t<\/div>\n\t\t","protected":false},"excerpt":{"rendered":"<p>Services 10 years of BALTIC HOME on the market We produce solid wood furniture components, solid wood furniture and glued and veneered paneling to customer requirements. Our many years of professional experience in furniture production allow us to offer the highest quality services, competitive prices and flexible deadlines. We provide the following services:&#8211; Panel fabrication&#8211; [&hellip;]<\/p>\n","protected":false},"author":1,"featured_media":0,"parent":0,"menu_order":0,"comment_status":"closed","ping_status":"closed","template":"","meta":{"footnotes":""},"class_list":["post-8265","page","type-page","status-publish","hentry"],"_links":{"self":[{"href":"https:\/\/baltichome.juodaskodas.lt\/en\/wp-json\/wp\/v2\/pages\/8265","targetHints":{"allow":["GET"]}}],"collection":[{"href":"https:\/\/baltichome.juodaskodas.lt\/en\/wp-json\/wp\/v2\/pages"}],"about":[{"href":"https:\/\/baltichome.juodaskodas.lt\/en\/wp-json\/wp\/v2\/types\/page"}],"author":[{"embeddable":true,"href":"https:\/\/baltichome.juodaskodas.lt\/en\/wp-json\/wp\/v2\/users\/1"}],"replies":[{"embeddable":true,"href":"https:\/\/baltichome.juodaskodas.lt\/en\/wp-json\/wp\/v2\/comments?post=8265"}],"version-history":[{"count":1,"href":"https:\/\/baltichome.juodaskodas.lt\/en\/wp-json\/wp\/v2\/pages\/8265\/revisions"}],"predecessor-version":[{"id":8266,"href":"https:\/\/baltichome.juodaskodas.lt\/en\/wp-json\/wp\/v2\/pages\/8265\/revisions\/8266"}],"wp:attachment":[{"href":"https:\/\/baltichome.juodaskodas.lt\/en\/wp-json\/wp\/v2\/media?parent=8265"}],"curies":[{"name":"wp","href":"https:\/\/api.w.org\/{rel}","templated":true}]}}